{"id":978,"date":"2022-04-07T14:36:53","date_gmt":"2022-04-07T12:36:53","guid":{"rendered":"https:\/\/hellenic-cam.gr\/history-of-3d-printing\/"},"modified":"2023-08-30T15:08:38","modified_gmt":"2023-08-30T13:08:38","slug":"history","status":"publish","type":"page","link":"https:\/\/hellenic-cam.gr\/en\/history\/","title":{"rendered":"History of 3D Printing"},"content":{"rendered":"\t\t<div data-elementor-type=\"wp-page\" data-elementor-id=\"978\" class=\"elementor elementor-978 elementor-923\" data-elementor-post-type=\"page\">\n\t\t\t\t\t\t\t\t\t<section class=\"elementor-section elementor-top-section elementor-element elementor-element-155fb60 elementor-section-boxed elementor-section-height-default elementor-section-height-default\" data-id=\"155fb60\" data-element_type=\"section\">\n\t\t\t\t\t\t\t<div class=\"elementor-background-overlay\"><\/div>\n\t\t\t\t\t\t\t<div class=\"elementor-container elementor-column-gap-default\">\n\t\t\t\t\t<div class=\"elementor-column elementor-col-33 elementor-top-column elementor-element elementor-element-19251a0\" data-id=\"19251a0\" data-element_type=\"column\">\n\t\t\t<div class=\"elementor-widget-wrap\">\n\t\t\t\t\t\t\t\t\t<\/div>\n\t\t<\/div>\n\t\t\t\t<div class=\"elementor-column elementor-col-33 elementor-top-column elementor-element elementor-element-baee276\" data-id=\"baee276\" data-element_type=\"column\">\n\t\t\t<div class=\"elementor-widget-wrap elementor-element-populated\">\n\t\t\t\t\t\t\t\t<div class=\"elementor-element elementor-element-c20aa16 elementor-align-center elementor-widget elementor-widget-lottie\" data-id=\"c20aa16\" data-element_type=\"widget\" data-settings=\"{&quot;source_json&quot;:{&quot;url&quot;:&quot;https:\\\/\\\/hellenic-cam.gr\\\/wp-content\\\/uploads\\\/2023\\\/08\\\/rapid-prototype_white.json&quot;,&quot;id&quot;:4375,&quot;size&quot;:&quot;&quot;,&quot;alt&quot;:&quot;&quot;,&quot;source&quot;:&quot;library&quot;},&quot;loop&quot;:&quot;yes&quot;,&quot;source&quot;:&quot;media_file&quot;,&quot;caption_source&quot;:&quot;none&quot;,&quot;link_to&quot;:&quot;none&quot;,&quot;trigger&quot;:&quot;arriving_to_viewport&quot;,&quot;viewport&quot;:{&quot;unit&quot;:&quot;%&quot;,&quot;size&quot;:&quot;&quot;,&quot;sizes&quot;:{&quot;start&quot;:0,&quot;end&quot;:100}},&quot;play_speed&quot;:{&quot;unit&quot;:&quot;px&quot;,&quot;size&quot;:1,&quot;sizes&quot;:[]},&quot;start_point&quot;:{&quot;unit&quot;:&quot;%&quot;,&quot;size&quot;:&quot;0&quot;,&quot;sizes&quot;:[]},&quot;end_point&quot;:{&quot;unit&quot;:&quot;%&quot;,&quot;size&quot;:&quot;100&quot;,&quot;sizes&quot;:[]},&quot;renderer&quot;:&quot;svg&quot;}\" data-widget_type=\"lottie.default\">\n\t\t\t\t<div class=\"elementor-widget-container\">\n\t\t\t<div class=\"e-lottie__container\"><div class=\"e-lottie__animation\"><\/div><\/div>\t\t<\/div>\n\t\t\t\t<\/div>\n\t\t\t\t\t<\/div>\n\t\t<\/div>\n\t\t\t\t<div class=\"elementor-column elementor-col-33 elementor-top-column elementor-element elementor-element-d6dfa5f\" data-id=\"d6dfa5f\" data-element_type=\"column\">\n\t\t\t<div class=\"elementor-widget-wrap\">\n\t\t\t\t\t\t\t\t\t<\/div>\n\t\t<\/div>\n\t\t\t\t\t\t\t<\/div>\n\t\t<\/section>\n\t\t\t\t<section class=\"elementor-section elementor-top-section elementor-element elementor-element-8002c3c elementor-section-boxed elementor-section-height-default elementor-section-height-default\" data-id=\"8002c3c\" data-element_type=\"section\">\n\t\t\t\t\t\t<div class=\"elementor-container elementor-column-gap-default\">\n\t\t\t\t\t<div class=\"elementor-column elementor-col-100 elementor-top-column elementor-element elementor-element-464fc7a\" data-id=\"464fc7a\" data-element_type=\"column\">\n\t\t\t<div class=\"elementor-widget-wrap elementor-element-populated\">\n\t\t\t\t\t\t\t\t<div class=\"elementor-element elementor-element-f21bd14 elementor-widget elementor-widget-heading\" data-id=\"f21bd14\" data-element_type=\"widget\" data-widget_type=\"heading.default\">\n\t\t\t\t<div class=\"elementor-widget-container\">\n\t\t\t<h2 class=\"elementor-heading-title elementor-size-default\">History of 3D Printing<\/h2>\t\t<\/div>\n\t\t\t\t<\/div>\n\t\t\t\t<div class=\"elementor-element elementor-element-f3ec000 elementor-widget elementor-widget-heading\" data-id=\"f3ec000\" data-element_type=\"widget\" data-widget_type=\"heading.default\">\n\t\t\t\t<div class=\"elementor-widget-container\">\n\t\t\t<h4 class=\"elementor-heading-title elementor-size-default\">A brief history of 3D printing <\/h4>\t\t<\/div>\n\t\t\t\t<\/div>\n\t\t\t\t<div class=\"elementor-element elementor-element-8ccd008 elementor-widget elementor-widget-text-editor\" data-id=\"8ccd008\" data-element_type=\"widget\" data-widget_type=\"text-editor.default\">\n\t\t\t\t<div class=\"elementor-widget-container\">\n\t\t\t\t\t\t\t<p>In 1860, French sculptor Fran\u00e7ois Will\u00e8me (U.S. patent 43822, 1864) came up with photo sculpturing, obtaining three-dimensional images of an object through multiple-angle renderings. By placing the object in the center of the area, and simultaneously using 24 cameras on a 360-degree circle, he managed to project the obtained three-dimensional three-dimensional images on the screen one by one creating the 3D object with the help of a pantograph. In 1892 an Austrian officer, Joseph Blanther proposed the idea of using a layered casting method to create military maps. This method was based on imprinting a series of topographical lines on wax plates, and then he cut them out, polished and stack them layer by layer, creating the negative shape (mold) of a complete topographical map (US patent 473901A, 1892).<\/p><p>3D printing as we know it today began in the mid-1980s. Its path goes through several stages which are:<\/p><ul><li>1980-1990: Early stage of 3D printing.<\/li><li>1990-2000: Development of 3D printing machines and techniques.<\/li><li>2000-2010: Cost reduction and spread of 3D printing.<\/li><li>2010-present: Industrial development and integration of 3D printing.<\/li><\/ul>\t\t\t\t\t\t<\/div>\n\t\t\t\t<\/div>\n\t\t\t\t\t<\/div>\n\t\t<\/div>\n\t\t\t\t\t\t\t<\/div>\n\t\t<\/section>\n\t\t\t\t<section class=\"elementor-section elementor-top-section elementor-element elementor-element-cfdf3b5 elementor-section-boxed elementor-section-height-default elementor-section-height-default\" data-id=\"cfdf3b5\" data-element_type=\"section\">\n\t\t\t\t\t\t<div class=\"elementor-container elementor-column-gap-default\">\n\t\t\t\t\t<div class=\"elementor-column elementor-col-100 elementor-top-column elementor-element elementor-element-4131150\" data-id=\"4131150\" data-element_type=\"column\">\n\t\t\t<div class=\"elementor-widget-wrap elementor-element-populated\">\n\t\t\t\t\t\t\t\t<div class=\"elementor-element elementor-element-9e3c80a elementor-widget elementor-widget-tp-timeline\" data-id=\"9e3c80a\" data-element_type=\"widget\" data-widget_type=\"tp-timeline.default\">\n\t\t\t\t<div class=\"elementor-widget-container\">\n\t\t\t<div id=\"pt_plus_timeline\" class=\"pt-plus-timeline-list  layout-both   timeline-center-align timeline69f2f4f035d7e timeline-style-1 \" data-id=\"timeline69f2f4f035d7e\" data-masonry-type=\"no\"><div class=\"post-inner-loop \"><div class=\"timeline-track  \"><\/div><div class=\"timeline-track timeline-track-draw  \"><\/div><div class=\"timeline--icon\"><div class=\"timeline-beginning-icon\"><i class=\" fa fa-angle-double-down\" ><\/i><\/div><\/div><div class=\"grid-item timeline-item-wrap elementor-repeater-item-29b82e0 timeline-left-content  text-pin-position-right\"  >\n\t\t\t\t\t\t\t<div class=\"timeline-inner-block timeline-transition\">\n\t\t\t\t\t\t\t\t<div class=\"timeline-item text-right \" >\n\t\t\t\t\t\t\t\t\t<div class=\"timeline-item-content timeline-transition text-right \"><div class=\"timeline-tl-before timeline-transition\"><\/div><h3 class=\"timeline-item-heading timeline-transition\">The early stage of 3D printing <\/h3><div class=\"timeline-content-image\">\n\t\t\t\t\t\t\t\t\t\t\t\t\t\t\t\t\n\t\t\t\t\t\t\t\t\t\t\t\t\t\t\t\t<\/div><div class=\"timeline-item-description timeline-transition\"><p>The first approach to creating 3D printing technology was made in May 1981 by Dr. Hideo Kodama, who published details of a \"rapid prototyping\" technique.\u00a0 His research was the first to describe the layer-by-layer approach and was based on the method of stereolithography. In 1984, three French engineers Alain Le M\u00e9haut\u00e9, Olivier de Witte, and Jean Claude Andr\u00e9 filed a patent for the Stereolithography process, which they abandoned.\u00a0 At the same time, Charles 'Chuck' Hull filed his patent for Stereolithography, with additional new features.\u00a0 These new features were that the file was in STL format and 1986 he created 3D Systems releasing the first 3D printer, the SLA-1 model. Two years later, in 1988, Carl Deckard from the University of Texas filed a patent for Selective Laser Sintering (SLS) technology where the printer uses a laser beam to fuse powdered material into solid structures. Reaching 1989, the company Stratasys was founded. One of its founders was Scott Crump, who filed a patent for Fused Deposition Modeling, perhaps the best-known technique in 3D printing today.<\/p><p><em>In brief<\/em><\/p><p>1981: Rapid prototyping, Hideo Kodama<\/p><p>1984: The first patents for stereolithography by Alain Le M\u00e9haut\u00e9, Olivier de Witte, Jean Claude Andr\u00e9 in France, and Charles 'Chuck' Hull in the USA<\/p><p>1986: Charles Hull builds the first SLA printer<\/p><p>1988: 3D laser printing for powdered material fusion (SLS)<\/p><p>1989: Patent for Fused Deposition Modeling printing<\/p><\/div><\/div>\n\t\t\t\t\t\t\t\t<\/div>\n\t\t\t\t\t\t\t\t<div class=\"point-icon style-1\">\n\t\t\t\t\t\t\t\t\t<div class=\"timeline-tooltip-wrap\">\n\t\t\t\t\t\t\t\t\t\t<div class=\"timeline-point-icon\">\n\t\t\t\t\t\t\t\t\t\t\t<div class=\"timeline-pin-icon\"><i class=\" fa fa-book point-icon-inner \" ><\/i><\/div>\n\t\t\t\t\t\t\t\t\t\t<\/div>\n\t\t\t\t\t\t\t\t\t<\/div>\n\t\t\t\t\t\t\t\t\t<div class=\"timeline-text-tooltip position-right timeline-transition\" style=\"opacity: 1;\">1980-1989<div class=\"tooltip-arrow timeline-transition\"><\/div><\/div>\n\t\t\t\t\t\t\t\t<\/div>\n\t\t\t\t\t\t\t<\/div>\n\t\t\t\t\t<\/div><div class=\"grid-item timeline-item-wrap elementor-repeater-item-3363e10 timeline-right-content  text-pin-position-left\"  >\n\t\t\t\t\t\t\t<div class=\"timeline-inner-block timeline-transition\">\n\t\t\t\t\t\t\t\t<div class=\"timeline-item text-left \" >\n\t\t\t\t\t\t\t\t\t<div class=\"timeline-item-content timeline-transition text-left \"><div class=\"timeline-tl-before timeline-transition\"><\/div><h3 class=\"timeline-item-heading timeline-transition\">Development of 3D printing machines and techniques <\/h3><div class=\"timeline-content-image\">\n\t\t\t\t\t\t\t\t\t\t\t\t\t\t\t\t\n\t\t\t\t\t\t\t\t\t\t\t\t\t\t\t\t<\/div><div class=\"timeline-item-description timeline-transition\"><p>In this particular decade, additive manufacturing development has rapidly developed. Key machine manufacturers emerge along with refined versions of the existing technologies as well as new ones. In Europe, EOS GmbH is founded creating the first EOS \"Stereos\" system (1990) for industrial prototyping and 3D printing production applications. Its industrial quality is today recognized worldwide as SLS (Selective Laser Sintering technology) for both plastics and metallic materials. Stratasys launches (1991) its first FDM printer and also DTM Inc. introduces its first SLS printer (1992), while a new 3D printing technique based on inkjet printers is developed at MIT. ZCorp utilizes this new technology to launch its first 3D printer, the Z Corp Z402 (1995). Solidscape is founded, creating 3D printers using wax as raw material. Model Maker (1994) made it possible for the company to be established as the favorite among jewelers selling 3D-printed jewelry. Another company, Arcam (1997), develops metal 3D printers where electron beam melting is used instead of a laser beam. In 1998, Objet Geometries was founded in Israel, introducing PolyJet 3D printing technology to the world. A great milestone for the technology was achieved in 1999 when the first 3D printed innovation in the medical industry took place. Scientists at Wake Forest's Institute for Regenerative Medicine were able to 3D print synthetic human bladder scaffolds. At the same time, new CAD tools are being developed to allow 3D models to be created with greater ease.<\/p><p><em>In brief<\/em><\/p><p>1990: EOS creates the EOS Stereos<\/p><p>1991: Stratasys creates its first printer<\/p><p>1993: Solidscape is created<\/p><p>1995: Z Corporation builds the first inkjet printer.<\/p><p>1999: The first synthetic 3D printed scaffold was manufactured<\/p><\/div><\/div>\n\t\t\t\t\t\t\t\t<\/div>\n\t\t\t\t\t\t\t\t<div class=\"point-icon style-1\">\n\t\t\t\t\t\t\t\t\t<div class=\"timeline-tooltip-wrap\">\n\t\t\t\t\t\t\t\t\t\t<div class=\"timeline-point-icon\">\n\t\t\t\t\t\t\t\t\t\t\t<div class=\"timeline-pin-icon\"><i class=\" fa fa-book point-icon-inner \" ><\/i><\/div>\n\t\t\t\t\t\t\t\t\t\t<\/div>\n\t\t\t\t\t\t\t\t\t<\/div>\n\t\t\t\t\t\t\t\t\t<div class=\"timeline-text-tooltip position-left timeline-transition\" style=\"opacity: 1;\">1990-1999<div class=\"tooltip-arrow timeline-transition\"><\/div><\/div>\n\t\t\t\t\t\t\t\t<\/div>\n\t\t\t\t\t\t\t<\/div>\n\t\t\t\t\t<\/div><div class=\"grid-item timeline-item-wrap elementor-repeater-item-c8df1b1 timeline-left-content  text-pin-position-right\"  >\n\t\t\t\t\t\t\t<div class=\"timeline-inner-block timeline-transition\">\n\t\t\t\t\t\t\t\t<div class=\"timeline-item text-right \" >\n\t\t\t\t\t\t\t\t\t<div class=\"timeline-item-content timeline-transition text-right \"><div class=\"timeline-tl-before timeline-transition\"><\/div><h3 class=\"timeline-item-heading timeline-transition\">Cost reduction and spread of 3D printing<\/h3><div class=\"timeline-content-image\">\n\t\t\t\t\t\t\t\t\t\t\t\t\t\t\t\t\n\t\t\t\t\t\t\t\t\t\t\t\t\t\t\t\t<\/div><div class=\"timeline-item-description timeline-transition\"><p>During this decade, open-source printers were created. This development helped to create cheap printers and as a result, helped to a wider spread of 3D printing. Based on Lecturer Adrian Bowyer's (Bath University) idea of self-reproducing printers, the RepRap Project was created using the open-source movement. The result was the creation of a 3D printer called RepRap, which became the inspiration for virtually every successful low-cost 3D printer from that point on. The RepRap 3D printer is made of many plastic parts that can be printed by RepRap itself. This means that any owner of a RepRap can print another 3D printer - hence \"self-replicating\" - along with other parts, tools, or designs. In 2008, the release of the \"Darwin\" RepRap 3D printer was widespread.<\/p><p>The success of the RepRap project was a catalyst for the rise of various commercial 3D printers. The expiration of many of the patents in 2006 related to FDM, which were filed in the 1980s, caused even more growth of 3D printing manufacturers in the market - a notable example is Makerbot, which was founded in 2009. Makerbot promoted the technology to both professional and amateur users or \"builders\". The company sold open-source DIY kits that allowed customers to build their 3D printers.<\/p><p><em>In brief<\/em><\/p><p>2005: RepRap project. Open source printers<\/p><p>2006: Patent expiration for FDM technology<\/p><p>2008: 1<sup>st<\/sup> cheap FDM printer \"Darwin\" RepRap<\/p><p>2009: MakerBot, open source DIY kit<\/p><\/div><\/div>\n\t\t\t\t\t\t\t\t<\/div>\n\t\t\t\t\t\t\t\t<div class=\"point-icon style-1\">\n\t\t\t\t\t\t\t\t\t<div class=\"timeline-tooltip-wrap\">\n\t\t\t\t\t\t\t\t\t\t<div class=\"timeline-point-icon\">\n\t\t\t\t\t\t\t\t\t\t\t<div class=\"timeline-pin-icon\"><i class=\" fa fa-book point-icon-inner \" ><\/i><\/div>\n\t\t\t\t\t\t\t\t\t\t<\/div>\n\t\t\t\t\t\t\t\t\t<\/div>\n\t\t\t\t\t\t\t\t\t<div class=\"timeline-text-tooltip position-right timeline-transition\" style=\"opacity: 1;\">2000-2009<div class=\"tooltip-arrow timeline-transition\"><\/div><\/div>\n\t\t\t\t\t\t\t\t<\/div>\n\t\t\t\t\t\t\t<\/div>\n\t\t\t\t\t<\/div><div class=\"grid-item timeline-item-wrap elementor-repeater-item-31ce907 timeline-right-content  text-pin-position-left\"  >\n\t\t\t\t\t\t\t<div class=\"timeline-inner-block timeline-transition\">\n\t\t\t\t\t\t\t\t<div class=\"timeline-item text-left \" >\n\t\t\t\t\t\t\t\t\t<div class=\"timeline-item-content timeline-transition text-left \"><div class=\"timeline-tl-before timeline-transition\"><\/div><h3 class=\"timeline-item-heading timeline-transition\">Industrial development of 3D printing <\/h3><div class=\"timeline-content-image\">\n\t\t\t\t\t\t\t\t\t\t\t\t\t\t\t\t\n\t\t\t\t\t\t\t\t\t\t\t\t\t\t\t\t<\/div><div class=\"timeline-item-description timeline-transition\"><p>In 2010, the enormous demand for 3D printed objects led to the creation of several service companies such as Shapeways, Sculpteo, i.materialise, and later 3D Hubs.\u00a0 In 2011, the company Kor Ecologic produced the first 3D-printed car. In 2012-2013, Stratasys merged with Objet and bought MakerBot at a later stage and became a closed-source system. In the meantime, in 2014, the patents for SLA and SLS technologies expired, enabling new manufacturers to enter the market and resulting in a further reduction of initial investment costs. In the same year, NASA announced that a 3D printer has been used in space, creating the first 3D-printed object outside planet Earth. In 2015, Carbon3D announces a new innovative technology (CLIP) that enables printing jobs 100 times faster while Desktop Metal invests in, Bound Metal Deposition technology, which is based in FDM but utilizes a different composite material composed of metallic powder and a binder. During the same year, Cellink launches the first\u201d bio-ink\u201d. In 2016, Ultimaker released Ultimaker 3 model, which was an instant success, winning several best 3D printer awards. Ultimaker has since released two more improved models the S3 and S5, which have also received positive reviews. In 2018, the first low-cost, inexpensive resin printers were created and in 2019 the world's largest 3D printed building by the company Apis Cor One-Ups Itself was created in Dubai. In the same year, Carl Deckard, the genius inventor of Selective Laser Sintering, dies at the age of 58. In 2019, there were recorded more than 170 printer manufacturers worldwide.<\/p><p><em>In brief<\/em><\/p><p>2010: Creation of Shapeways, Sculpteo, i.materialise, and 3D Hubs<\/p><p>2011: Printing the first car<\/p><p>2013: NASA prints in space<\/p><p>2015: CLIP technology from Carbon3D<\/p><p>2018: Cheap resin printers<\/p><p>2019: Carl Deckard the inventor of Selective Laser Sintering died.<\/p><\/div><\/div>\n\t\t\t\t\t\t\t\t<\/div>\n\t\t\t\t\t\t\t\t<div class=\"point-icon style-1\">\n\t\t\t\t\t\t\t\t\t<div class=\"timeline-tooltip-wrap\">\n\t\t\t\t\t\t\t\t\t\t<div class=\"timeline-point-icon\">\n\t\t\t\t\t\t\t\t\t\t\t<div class=\"timeline-pin-icon\"><i class=\" fa fa-book point-icon-inner \" ><\/i><\/div>\n\t\t\t\t\t\t\t\t\t\t<\/div>\n\t\t\t\t\t\t\t\t\t<\/div>\n\t\t\t\t\t\t\t\t\t<div class=\"timeline-text-tooltip position-left timeline-transition\" style=\"opacity: 1;\">2010-2019<div class=\"tooltip-arrow timeline-transition\"><\/div><\/div>\n\t\t\t\t\t\t\t\t<\/div>\n\t\t\t\t\t\t\t<\/div>\n\t\t\t\t\t<\/div><div class=\"timeline--icon\"><div class=\"timeline-end-icon\"><i class=\" fa fa-stop-circle\" ><\/i><\/div><\/div><\/div><\/div><style>@media (min-width:731px){.timeline69f2f4f035d7e.timeline-style-1 .timeline-item-wrap .timeline-item .timeline-tl-before{width:120px}.timeline69f2f4f035d7e.timeline-style-1.timeline-center-align .timeline-left-content{padding-right:120px}.timeline69f2f4f035d7e.timeline-style-1.timeline-center-align .timeline-right-content{padding-left:120px}.timeline69f2f4f035d7e.timeline-style-1.timeline-left-align .timeline-item-wrap{padding-right:120px !important;}.timeline69f2f4f035d7e.timeline-style-1.timeline-right-align .timeline-item-wrap.timeline-left-content,.timeline69f2f4f035d7e.timeline-style-1.timeline-right-align .timeline-item-wrap.timeline-right-content{padding-left:120px !important;}}@media (min-width:731px) and (max-width:1024px){.timeline69f2f4f035d7e.timeline-style-1 .timeline-item-wrap .timeline-item .timeline-tl-before{width:36px}.timeline69f2f4f035d7e.timeline-style-1.timeline-center-align .timeline-left-content{padding-right:36px}.timeline69f2f4f035d7e.timeline-style-1.timeline-center-align .timeline-right-content{padding-left:36px}.timeline69f2f4f035d7e.timeline-style-1.timeline-left-align .timeline-item-wrap{padding-right:36px !important;}.timeline69f2f4f035d7e.timeline-style-1.timeline-right-align .timeline-item-wrap.timeline-left-content,.timeline69f2f4f035d7e.timeline-style-1.timeline-right-align .timeline-item-wrap.timeline-right-content{padding-left:36px !important;}}@media (max-width:730px){.timeline69f2f4f035d7e.timeline-style-1 .timeline-item-wrap .timeline-item .timeline-tl-before{width:20px}.timeline69f2f4f035d7e.timeline-style-1.timeline-center-align .timeline-item-wrap.timeline-left-content{padding-left:20px !important;}.timeline69f2f4f035d7e.timeline-style-1.timeline-center-align .timeline-item-wrap.timeline-right-content{padding-left:20px !important;}.timeline69f2f4f035d7e.timeline-style-1.timeline-left-align .timeline-item-wrap{padding-right:20px !important;}.timeline69f2f4f035d7e.timeline-style-1.timeline-right-align .timeline-item-wrap.timeline-left-content,.timeline69f2f4f035d7e.timeline-style-1.timeline-right-align .timeline-item-wrap.timeline-right-content{padding-left:20px !important;}}<\/style>\t\t<\/div>\n\t\t\t\t<\/div>\n\t\t\t\t\t<\/div>\n\t\t<\/div>\n\t\t\t\t\t\t\t<\/div>\n\t\t<\/section>\n\t\t\t\t<section class=\"elementor-section elementor-top-section elementor-element elementor-element-7124610 elementor-section-boxed elementor-section-height-default elementor-section-height-default\" data-id=\"7124610\" data-element_type=\"section\">\n\t\t\t\t\t\t<div class=\"elementor-container elementor-column-gap-default\">\n\t\t\t\t\t<div class=\"elementor-column elementor-col-100 elementor-top-column elementor-element elementor-element-b282f17\" data-id=\"b282f17\" data-element_type=\"column\">\n\t\t\t<div class=\"elementor-widget-wrap elementor-element-populated\">\n\t\t\t\t\t\t\t\t<div class=\"elementor-element elementor-element-5809fe5 elementor-widget elementor-widget-spacer\" data-id=\"5809fe5\" data-element_type=\"widget\" data-widget_type=\"spacer.default\">\n\t\t\t\t<div class=\"elementor-widget-container\">\n\t\t\t\t\t<div class=\"elementor-spacer\">\n\t\t\t<div class=\"elementor-spacer-inner\"><\/div>\n\t\t<\/div>\n\t\t\t\t<\/div>\n\t\t\t\t<\/div>\n\t\t\t\t\t<\/div>\n\t\t<\/div>\n\t\t\t\t\t\t\t<\/div>\n\t\t<\/section>\n\t\t\t\t\t\t\t<\/div>\n\t\t","protected":false},"excerpt":{"rendered":"<p>History of 3D Printing A brief history of 3D printing In 1860, French sculptor Fran\u00e7ois Will\u00e8me (U.S. patent 43822, 1864) came up with photo sculpturing,&hellip;<\/p>\n","protected":false},"author":2,"featured_media":0,"parent":0,"menu_order":0,"comment_status":"closed","ping_status":"closed","template":"elementor_header_footer","meta":[],"_links":{"self":[{"href":"https:\/\/hellenic-cam.gr\/en\/wp-json\/wp\/v2\/pages\/978"}],"collection":[{"href":"https:\/\/hellenic-cam.gr\/en\/wp-json\/wp\/v2\/pages"}],"about":[{"href":"https:\/\/hellenic-cam.gr\/en\/wp-json\/wp\/v2\/types\/page"}],"author":[{"embeddable":true,"href":"https:\/\/hellenic-cam.gr\/en\/wp-json\/wp\/v2\/users\/2"}],"replies":[{"embeddable":true,"href":"https:\/\/hellenic-cam.gr\/en\/wp-json\/wp\/v2\/comments?post=978"}],"version-history":[{"count":3,"href":"https:\/\/hellenic-cam.gr\/en\/wp-json\/wp\/v2\/pages\/978\/revisions"}],"predecessor-version":[{"id":4381,"href":"https:\/\/hellenic-cam.gr\/en\/wp-json\/wp\/v2\/pages\/978\/revisions\/4381"}],"wp:attachment":[{"href":"https:\/\/hellenic-cam.gr\/en\/wp-json\/wp\/v2\/media?parent=978"}],"curies":[{"name":"wp","href":"https:\/\/api.w.org\/{rel}","templated":true}]}}